{"id":377,"date":"2025-06-26T13:32:19","date_gmt":"2025-06-26T10:32:19","guid":{"rendered":"https:\/\/www.tikkavisio.fi\/usein-kysytyt-kysymykset\/"},"modified":"2025-07-03T13:20:31","modified_gmt":"2025-07-03T10:20:31","slug":"vanliga-fragor","status":"publish","type":"page","link":"https:\/\/www.tikkavisio.fi\/sv\/vanliga-fragor\/","title":{"rendered":"Vanliga fr\u00e5gor"},"content":{"rendered":"\n<div style=\"background-image:url(&#039;https:\/\/www.tikkavisio.fi\/app\/uploads\/2025\/06\/3c8980ca873f0b1916e5f7ab8515cd6403963718-scaled.jpg&#039;);background-size:cover;\" class=\"wp-block-group hero has-white-color has-text-color has-link-color wp-elements-dc5e2f23c23f9913ea2a78a36879fa85 is-layout-constrained wp-block-group-is-layout-constrained has-background\">\n<h1 class=\"wp-block-heading has-text-align-center\">Vanliga fr\u00e5gor<\/h1>\n\n\n\n<p class=\"has-text-align-center\">P\u00e5 den h\u00e4r sidan hittar du svar p\u00e5 de vanligaste fr\u00e5gorna om Tikkavisionen.<\/p>\n<\/div>\n\n\n\n<details class=\"wp-block-details is-layout-flow wp-block-details-is-layout-flow\"><summary>Varf\u00f6r m\u00e5ste vi hela tiden byta avfallsk\u00e4rl, vi var precis tvungna att v\u00e4lja mellan en kompostor och ett bioavfallsk\u00e4rl?<\/summary>\n<p>Vi vill erbjuda inv\u00e5narna avfallshanteringstj\u00e4nster som g\u00f6r sorteringen s\u00e5 enkel som m\u00f6jligt och en del av vardagen. Vi finl\u00e4ndare konsumerar mycket, vilket ocks\u00e5 f\u00f6rbrukar naturresurser. Vi f\u00e5r d\u00e4remot inte konsumera f\u00f6r mycket av naturresurserna eftersom de kommer att ta slut. D\u00e4rf\u00f6r \u00e4r det viktigt att vi \u00e5tervinner de anv\u00e4nda materialen (avfallet). B\u00e5de p\u00e5 EU-niv\u00e5 och nationell niv\u00e5 finns det lagar och f\u00f6rordningar och \u00e5tervinningsm\u00e5l som vi m\u00e5ste uppn\u00e5. F\u00f6r n\u00e4rvarande \u00e4r vi orov\u00e4ckande l\u00e5ngt fr\u00e5n dessa m\u00e5l. Om vi inte n\u00e5r dem hotas Finland av dyra sanktioner fr\u00e5n EU.<\/p>\n\n\n\n<p>De nuvarande insamlings\u00e5tg\u00e4rderna \u00e4r d\u00e4rf\u00f6r inte tillr\u00e4ckliga. Nya metoder m\u00e5ste inf\u00f6ras. Nu n\u00e4r helhetsansvaret f\u00f6r avfallstransporter \u00f6verg\u00e5r till LSJH \u00e4r det r\u00e4tt tid att f\u00f6rb\u00e4ttra och effektivisera avfallshanteringen f\u00f6r boende.<\/p>\n\n\n\n<p><\/p>\n<\/details>\n\n\n\n<details class=\"wp-block-details is-layout-flow wp-block-details-is-layout-flow\"><summary>Kommer inte en s\u00e5dan reform att bli dyr f\u00f6r LSJH, inv\u00e5narna och hela samh\u00e4llet?<\/summary>\n<p>\u00c5tervinning \u00e4r inte gratis, men det \u00e4r \u00e4nd\u00e5 n\u00f6dv\u00e4ndigt. P\u00e5 LSJH str\u00e4var vi efter att g\u00f6ra tj\u00e4nsterna s\u00e5 effektiva som m\u00f6jligt f\u00f6r att h\u00e5lla kostnaderna under kontroll. F\u00f6r n\u00e4rvarande har 81 procent av inv\u00e5narna best\u00e4llt t\u00f6mning av sina blandavfallsk\u00e4rl varannan vecka eller var fj\u00e4rde vecka. Avgiften f\u00f6r behandling av blandavfall \u00e4r den dyraste av alla avfallstyper som sorteras separat vid fastigheter. Ingen avgift debiteras f\u00f6r behandling av f\u00f6rpackningsavfall (glas, metall, kartong- och plastf\u00f6rpackningar), endast en transportavgift. D\u00e4rf\u00f6r l\u00f6nar det sig att sortera allt f\u00f6rpackningsavfall och bioavfall i sina egna k\u00e4rl redan p\u00e5 den egna g\u00e5rden. Samtidigt kan man glesa ut t\u00f6mningsintervallet f\u00f6r blandavfallsk\u00e4rlet, till exempel fr\u00e5n nuvarande tv\u00e5 veckor till 16 veckor. D\u00e5 \u00f6kar inte n\u00f6dv\u00e4ndigtvis kostnaderna, sorteringen blir enklare och vi kan fortfarande \u00e5tervinna materialen som vi f\u00f6rbrukar.<\/p>\n\n\n\n<p><\/p>\n<\/details>\n\n\n\n<details class=\"wp-block-details is-layout-flow wp-block-details-is-layout-flow\"><summary>Medf\u00f6r inte f\u00f6rpackningsavfallsk\u00e4rl p\u00e5 egnahemshusens g\u00e5rdar \u00f6kad trafik och avfallsbilsrally i bostadsomr\u00e5den?<\/summary>\n<p>F\u00f6r n\u00e4rvarande t\u00f6mmer vi blandavfallsk\u00e4rl ofta och i vissa omr\u00e5den av flera olika f\u00f6retag. I forts\u00e4ttningen ansvarar LSJH f\u00f6r avfallshanteringshelheten, vilket g\u00f6r att vi kan optimera transportlogistiken och undvika att flera olika avfallstransportf\u00f6retag k\u00f6r i samma bostadsomr\u00e5den. I Tikkatj\u00e4nsterna kommer t\u00f6mningarna att fokusera p\u00e5 f\u00f6rpacknings- och bioavfallsk\u00e4rl, dvs. det kommer nog inte att bli n\u00e5gon st\u00f6rre trafik\u00f6kning av avfallstransporterna. Dessutom finns fyr- och dubbelfacksk\u00e4rl i anv\u00e4ndning i Tikkatj\u00e4nsterna, vilket inneb\u00e4r att man under en och samma transport kan sk\u00f6ta t\u00f6mningen av flera olika avfallstyper.<\/p>\n\n\n\n<p><\/p>\n<\/details>\n\n\n\n<details class=\"wp-block-details is-layout-flow wp-block-details-is-layout-flow\"><summary>Vad h\u00e4nder med ekopunkterna om upp till sex olika avfallstyper h\u00e4mtas fr\u00e5n den egna g\u00e5rden i framtiden?<\/summary>\n<p>I omr\u00e5den d\u00e4r det finns en fastighetsspecifik skyldighet att samla in f\u00f6rpackningsavfall beh\u00f6vs naturligtvis ingen ekopunkt. Ekopunkterna koncentreras till omr\u00e5den d\u00e4r det inte finns n\u00e5gon fastighetsspecifik insamling av f\u00f6rpackningsavfall och till platser d\u00e4r de b\u00e4st betj\u00e4nar inv\u00e5narna i glesbygdsomr\u00e5den.<\/p>\n\n\n\n<p><\/p>\n<\/details>\n\n\n\n<details class=\"wp-block-details is-layout-flow wp-block-details-is-layout-flow\"><summary>Vi har en avfallsinh\u00e4gnad dimensionerad f\u00f6r ett avfallsk\u00e4rl vid porten, och n\u00e5gra nya k\u00e4rl f\u00e5r inte heller plats bredvid bland- och bioavfallsk\u00e4rlen vid grannens port. Vad ska man g\u00f6ra om det helt enkelt inte finns plats?<\/summary>\n<p>Avfallsk\u00e4rlet m\u00e5ste inte st\u00e5 under tak eller i en inh\u00e4gnad, utan en l\u00e4mplig plats kan vara till exempel bredvid avfallsinh\u00e4gnaden eller n\u00e5gon annanstans p\u00e5 g\u00e5rden, s\u00e5 l\u00e4nge platsen \u00e4r l\u00e4ttillg\u00e4nglig och hittas l\u00e4tt av avfallsbilsf\u00f6raren. Om fastigheten f\u00f6r n\u00e4rvarande har separata bland- och bioavfallsk\u00e4rl kan de i Tikkavisionen ers\u00e4ttas med ett bland- och bioavfallsk\u00e4rl med tv\u00e5 fack, som allts\u00e5 endast tar upp platsen f\u00f6r ett avfallsk\u00e4rl. Om det inte finns plats p\u00e5 den egna g\u00e5rden b\u00f6r man fr\u00e5ga grannarna om att skaffa ett samk\u00e4rl. Man kan placera samk\u00e4rlet p\u00e5 vilken som helst av del\u00e4garnas fastigheter. Om det trots det inte finns plats f\u00f6r k\u00e4rlet vid n\u00e5gon fastighet l\u00f6nar det sig att be kommunen om tillst\u00e5nd att placera avfallsk\u00e4rlet som ett s\u00e5 kallat gatuk\u00e4rl, om det finns en l\u00e4mplig plats f\u00f6r k\u00e4rlet t.ex. utmed gatan.<\/p>\n\n\n\n<p><\/p>\n<\/details>\n\n\n\n<details class=\"wp-block-details is-layout-flow wp-block-details-is-layout-flow\"><summary>Vi har ett blandavfallsk\u00e4rl och en kompostor, vi transporterar f\u00f6rpackningsavfallet till ekopunkten efter mellanlagring i garaget. M\u00e5ste vi \u00e4nd\u00e5 v\u00e4lja ett paket fr\u00e5n Tikkatj\u00e4nsterna?<\/summary>\n<p>Om din fastighet ligger i en t\u00e4tort eller i&nbsp;ett t\u00e4tortsomr\u00e5de med 10 000 inv\u00e5nare kan du v\u00e4lja Tikkatj\u00e4nsternas paket Kompostikka och de t\u00f6mningsintervall som \u00e4r optimerade f\u00f6r k\u00e4rlen i paketet. Om du d\u00e4remot bor i ett glesbygdsomr\u00e5de kan du v\u00e4lja Hajatikka, d\u00e4r vi ut\u00f6ver ett blandavfallsk\u00e4rl rekommenderar kompostering. F\u00f6r f\u00f6rpackningsavfall forts\u00e4tter vi att uppr\u00e4tth\u00e5lla ett omfattande n\u00e4tverk av ekopunkter i glesbygdsomr\u00e5den.<\/p>\n\n\n\n<p>Om din fastighet ligger i en t\u00e4tort eller i ett t\u00e4tortsomr\u00e5de med 10 000 inv\u00e5nare kan du sk\u00f6ta avfallshanteringen i din bostad med hj\u00e4lp av Tikkatj\u00e4nsterna.<\/p>\n\n\n\n<p><\/p>\n<\/details>\n\n\n\n<details class=\"wp-block-details is-layout-flow wp-block-details-is-layout-flow\"><summary>Vore det inte klokast att v\u00e4nta och se om sorteringsaktiviteten b\u00f6rjar \u00f6ka redan med dagens \u00e5tg\u00e4rder?<\/summary>\n<p>Vi f\u00f6ljer regelbundet upp m\u00e4ngden insamlat avfall och dagens \u00e5tg\u00e4rder verkar inte ge en tillr\u00e4cklig f\u00f6r\u00e4ndring. Det finns fortfarande mycket avfall i v\u00e5ra blandavfallsp\u00e5sar som borde \u00e5tervinnas. Dessutom \u00e4r det r\u00e4tt tid att effektivisera helheten nu n\u00e4r LSJH tar \u00f6ver blandavfallst\u00f6mningarna i hela verksamhetsomr\u00e5det. Vi kan planera bostadsfastigheters avfallshantering som en helhet som betj\u00e4nar s\u00e5 inv\u00e5narna, entrepren\u00f6rerna som milj\u00f6n.<\/p>\n\n\n\n<p><\/p>\n<\/details>\n\n\n\n<details class=\"wp-block-details is-layout-flow wp-block-details-is-layout-flow\"><summary>Om ni uppmuntrar till samk\u00e4rl, hur fungerar det och hur faktureras t\u00f6mningarna?<\/summary>\n<p>Hush\u00e5ll och husbolag som ligger n\u00e4ra varandra eller l\u00e4ngs samma v\u00e4g kan komma \u00f6verens om att anv\u00e4nda ett gemensamt avfallsk\u00e4rl, det vill s\u00e4ga ett samk\u00e4rl. Avst\u00e5ndet mellan fastigheterna och det gemensamma avfallsk\u00e4rlet f\u00e5r inte vara mer \u00e4n en kilometer. Om fastigheterna ligger l\u00e4ngs samma privata v\u00e4g eller privata v\u00e4gn\u00e4t kan avst\u00e5ndet fr\u00e5n avfallsk\u00e4rlet \u00f6verstiga gr\u00e4nsen p\u00e5 en kilometer. Samk\u00e4rlet m\u00e5ste ha en kontaktperson som kan komma \u00f6verens om storleken p\u00e5 avfallsk\u00e4rlet, dess t\u00f6mning och fakturering med LSJH.<\/p>\n\n\n\n<p><\/p>\n<\/details>\n\n\n\n<details class=\"wp-block-details is-layout-flow wp-block-details-is-layout-flow\"><summary>Vi bor i ett glesbygdsomr\u00e5de och med ett blandavfallsk\u00e4rl samlas in endast en typ av avfall. Om vi fick ett fyrfacksk\u00e4rl d\u00e4rtill skulle vi kunna femdubbla avfallstyperna. Finns det inget s\u00e4tt att f\u00e5 Kompostikka-tj\u00e4nsten \u00e4ven till glesbygdsomr\u00e5den?<\/summary>\n<p>F\u00f6rpackningsavfall som samlas in fr\u00e5n fastigheter i glesbygdsomr\u00e5den ska l\u00e4mnas till ekopunkterna och bioavfallet ska komposteras. Om fastigheten d\u00e4remot ligger l\u00e4ngs insamlingsrutten f\u00f6r bilen som t\u00f6mmer f\u00f6rpacknings- eller bioavfall, kan tj\u00e4nsten erbjudas \u00e4ven d\u00e4r. N\u00e4r Tikkatj\u00e4nsterna f\u00f6rverkligas kan du h\u00f6ra med LSJH:s kundtj\u00e4nst om m\u00f6jligheten.<\/p>\n\n\n\n<p><\/p>\n<\/details>\n\n\n\n<details class=\"wp-block-details is-layout-flow wp-block-details-is-layout-flow\"><summary>Skulle man inte kunna planera egna avfallspunkter i egnahemshusomr\u00e5den, s\u00e5 att inte alla beh\u00f6ver skaffa k\u00e4rlen som beh\u00f6vs till sin egen g\u00e5rd?<\/summary>\n<p>Det \u00e4r fullt m\u00f6jligt, n\u00e5gra s\u00e5dana s.k. kvartersinsamlingspunkter har redan etablerats inom LSJH:s verksamhetsomr\u00e5de. LSJH samarbetar med kommunerna och l\u00e4mnar utl\u00e5tanden om planerna f\u00f6r bostadsomr\u00e5den. Vi uppmuntrar kommunerna att planera och genomf\u00f6ra nya kvartersinsamlingspunkter. I den kvarterssamling som LSJH uppr\u00e4tth\u00e5ller finns avfallsk\u00e4rl f\u00f6r alla sex olika avfallstyper som samlas in separat fr\u00e5n fastigheterna. Man kan ocks\u00e5 ta med ett separat k\u00e4rl f\u00f6r returpapper till kvartersinsamlingspunkten om man kommer \u00f6verens om det rakt med producentansvarsorganisationen.<\/p>\n\n\n\n<p><\/p>\n<\/details>\n\n\n\n<details class=\"wp-block-details is-layout-flow wp-block-details-is-layout-flow\"><summary>Tror ni verkligen att LSJH och vi inv\u00e5nare kommer att r\u00e4dda v\u00e4rlden med dessa f\u00f6r\u00e4ndringar?<\/summary>\n<p>Alla \u00e5tg\u00e4rder f\u00f6r att skydda v\u00e5r jord beh\u00f6vs! \u00d6kad \u00e5tervinning \u00e4r en s\u00e5dan \u00e5tg\u00e4rd. Resultat som baseras p\u00e5 unders\u00f6kningar visar att dagens metoder inte \u00e4r tillr\u00e4ckliga f\u00f6r att uppn\u00e5 m\u00e5len, s\u00e5 vissa f\u00f6r\u00e4ndringar beh\u00f6ver g\u00f6ras. LSJH:s viktigaste arbetstagare, dvs. inv\u00e5narna, har dock en nyckelst\u00e4llning. Att fastigheten har avfallsk\u00e4rl f\u00f6r alla avfallstyper som samlas in r\u00e4cker \u00e4nnu inte som l\u00f6sning. Avfallen m\u00e5ste ocks\u00e5 sorteras r\u00e4tt och tas till r\u00e4tt plats.<\/p>\n\n\n\n<p><\/p>\n<\/details>\n\n\n\n<details class=\"wp-block-details is-layout-flow wp-block-details-is-layout-flow\"><summary>Hur snart kommer dessa f\u00f6r\u00e4ndringar att tr\u00e4da i kraft?<\/summary>\n<p>Det kommer att ta flera \u00e5r att genomf\u00f6ra Tikkavisionen, men ett steg i taget skapar vi tillsammans den b\u00e4sta avfallshanteringshelheten i Finland! Tikkatj\u00e4nsterna kommer att anv\u00e4ndas i t\u00e4torter och t\u00e4tortsomr\u00e5den med 10 000 inv\u00e5nare i hela verksamhetsomr\u00e5det i slutet av 2030.<\/p>\n\n\n\n<p><\/p>\n<\/details>\n\n\n\n<p><\/p>\n","protected":false},"excerpt":{"rendered":"<p>Vanliga fr\u00e5gor P\u00e5 den h\u00e4r sidan hittar du svar p\u00e5 de vanligaste fr\u00e5gorna om Tikkavisionen.<\/p>\n","protected":false},"author":1,"featured_media":0,"parent":0,"menu_order":0,"comment_status":"closed","ping_status":"closed","template":"","meta":{"_acf_changed":false,"footnotes":""},"class_list":["post-377","page","type-page","status-publish","hentry"],"acf":[],"yoast_head":"<!-- This site is optimized with the Yoast SEO plugin v25.3.1 - https:\/\/yoast.com\/wordpress\/plugins\/seo\/ -->\n<title>Vanliga fr\u00e5gor - Tikkavisio<\/title>\n<meta name=\"robots\" content=\"index, follow, max-snippet:-1, max-image-preview:large, max-video-preview:-1\" \/>\n<link rel=\"canonical\" href=\"https:\/\/www.tikkavisio.fi\/sv\/vanliga-fragor\/\" \/>\n<meta property=\"og:locale\" content=\"sv_SE\" \/>\n<meta property=\"og:type\" content=\"article\" \/>\n<meta property=\"og:title\" content=\"Vanliga fr\u00e5gor - Tikkavisio\" \/>\n<meta property=\"og:description\" content=\"Vanliga fr\u00e5gor P\u00e5 den h\u00e4r sidan hittar du svar p\u00e5 de vanligaste fr\u00e5gorna om Tikkavisionen.\" \/>\n<meta property=\"og:url\" content=\"https:\/\/www.tikkavisio.fi\/sv\/vanliga-fragor\/\" \/>\n<meta property=\"og:site_name\" content=\"Tikkavisio\" \/>\n<meta property=\"article:modified_time\" content=\"2025-07-03T10:20:31+00:00\" \/>\n<meta name=\"twitter:card\" content=\"summary_large_image\" \/>\n<meta name=\"twitter:label1\" content=\"Est. reading time\" \/>\n\t<meta name=\"twitter:data1\" content=\"8 minutes\" \/>\n<script type=\"application\/ld+json\" class=\"yoast-schema-graph\">{\"@context\":\"https:\/\/schema.org\",\"@graph\":[{\"@type\":\"WebPage\",\"@id\":\"https:\/\/www.tikkavisio.fi\/sv\/vanliga-fragor\/\",\"url\":\"https:\/\/www.tikkavisio.fi\/sv\/vanliga-fragor\/\",\"name\":\"Vanliga fr\u00e5gor - Tikkavisio\",\"isPartOf\":{\"@id\":\"https:\/\/www.tikkavisio.fi\/sv\/#website\"},\"datePublished\":\"2025-06-26T10:32:19+00:00\",\"dateModified\":\"2025-07-03T10:20:31+00:00\",\"breadcrumb\":{\"@id\":\"https:\/\/www.tikkavisio.fi\/sv\/vanliga-fragor\/#breadcrumb\"},\"inLanguage\":\"sv-SE\",\"potentialAction\":[{\"@type\":\"ReadAction\",\"target\":[\"https:\/\/www.tikkavisio.fi\/sv\/vanliga-fragor\/\"]}]},{\"@type\":\"BreadcrumbList\",\"@id\":\"https:\/\/www.tikkavisio.fi\/sv\/vanliga-fragor\/#breadcrumb\",\"itemListElement\":[{\"@type\":\"ListItem\",\"position\":1,\"name\":\"Home\",\"item\":\"https:\/\/www.tikkavisio.fi\/sv\/\"},{\"@type\":\"ListItem\",\"position\":2,\"name\":\"Vanliga fr\u00e5gor\"}]},{\"@type\":\"WebSite\",\"@id\":\"https:\/\/www.tikkavisio.fi\/sv\/#website\",\"url\":\"https:\/\/www.tikkavisio.fi\/sv\/\",\"name\":\"Tikkavisio\",\"description\":\"\",\"potentialAction\":[{\"@type\":\"SearchAction\",\"target\":{\"@type\":\"EntryPoint\",\"urlTemplate\":\"https:\/\/www.tikkavisio.fi\/sv\/?s={search_term_string}\"},\"query-input\":{\"@type\":\"PropertyValueSpecification\",\"valueRequired\":true,\"valueName\":\"search_term_string\"}}],\"inLanguage\":\"sv-SE\"}]}<\/script>\n<!-- \/ Yoast SEO plugin. -->","yoast_head_json":{"title":"Vanliga fr\u00e5gor - Tikkavisio","robots":{"index":"index","follow":"follow","max-snippet":"max-snippet:-1","max-image-preview":"max-image-preview:large","max-video-preview":"max-video-preview:-1"},"canonical":"https:\/\/www.tikkavisio.fi\/sv\/vanliga-fragor\/","og_locale":"sv_SE","og_type":"article","og_title":"Vanliga fr\u00e5gor - Tikkavisio","og_description":"Vanliga fr\u00e5gor P\u00e5 den h\u00e4r sidan hittar du svar p\u00e5 de vanligaste fr\u00e5gorna om Tikkavisionen.","og_url":"https:\/\/www.tikkavisio.fi\/sv\/vanliga-fragor\/","og_site_name":"Tikkavisio","article_modified_time":"2025-07-03T10:20:31+00:00","twitter_card":"summary_large_image","twitter_misc":{"Est. reading time":"8 minutes"},"schema":{"@context":"https:\/\/schema.org","@graph":[{"@type":"WebPage","@id":"https:\/\/www.tikkavisio.fi\/sv\/vanliga-fragor\/","url":"https:\/\/www.tikkavisio.fi\/sv\/vanliga-fragor\/","name":"Vanliga fr\u00e5gor - Tikkavisio","isPartOf":{"@id":"https:\/\/www.tikkavisio.fi\/sv\/#website"},"datePublished":"2025-06-26T10:32:19+00:00","dateModified":"2025-07-03T10:20:31+00:00","breadcrumb":{"@id":"https:\/\/www.tikkavisio.fi\/sv\/vanliga-fragor\/#breadcrumb"},"inLanguage":"sv-SE","potentialAction":[{"@type":"ReadAction","target":["https:\/\/www.tikkavisio.fi\/sv\/vanliga-fragor\/"]}]},{"@type":"BreadcrumbList","@id":"https:\/\/www.tikkavisio.fi\/sv\/vanliga-fragor\/#breadcrumb","itemListElement":[{"@type":"ListItem","position":1,"name":"Home","item":"https:\/\/www.tikkavisio.fi\/sv\/"},{"@type":"ListItem","position":2,"name":"Vanliga fr\u00e5gor"}]},{"@type":"WebSite","@id":"https:\/\/www.tikkavisio.fi\/sv\/#website","url":"https:\/\/www.tikkavisio.fi\/sv\/","name":"Tikkavisio","description":"","potentialAction":[{"@type":"SearchAction","target":{"@type":"EntryPoint","urlTemplate":"https:\/\/www.tikkavisio.fi\/sv\/?s={search_term_string}"},"query-input":{"@type":"PropertyValueSpecification","valueRequired":true,"valueName":"search_term_string"}}],"inLanguage":"sv-SE"}]}},"_links":{"self":[{"href":"https:\/\/www.tikkavisio.fi\/sv\/wp-json\/wp\/v2\/pages\/377","targetHints":{"allow":["GET"]}}],"collection":[{"href":"https:\/\/www.tikkavisio.fi\/sv\/wp-json\/wp\/v2\/pages"}],"about":[{"href":"https:\/\/www.tikkavisio.fi\/sv\/wp-json\/wp\/v2\/types\/page"}],"author":[{"embeddable":true,"href":"https:\/\/www.tikkavisio.fi\/sv\/wp-json\/wp\/v2\/users\/1"}],"replies":[{"embeddable":true,"href":"https:\/\/www.tikkavisio.fi\/sv\/wp-json\/wp\/v2\/comments?post=377"}],"version-history":[{"count":5,"href":"https:\/\/www.tikkavisio.fi\/sv\/wp-json\/wp\/v2\/pages\/377\/revisions"}],"predecessor-version":[{"id":403,"href":"https:\/\/www.tikkavisio.fi\/sv\/wp-json\/wp\/v2\/pages\/377\/revisions\/403"}],"wp:attachment":[{"href":"https:\/\/www.tikkavisio.fi\/sv\/wp-json\/wp\/v2\/media?parent=377"}],"curies":[{"name":"wp","href":"https:\/\/api.w.org\/{rel}","templated":true}]}}