{"id":375,"date":"2025-06-26T11:43:57","date_gmt":"2025-06-26T08:43:57","guid":{"rendered":"https:\/\/www.tikkavisio.fi\/tikkavisio-pintaa-syvemmalta\/"},"modified":"2025-09-15T14:16:48","modified_gmt":"2025-09-15T11:16:48","slug":"mer-djupgaende-information-om-tikkavisionen","status":"publish","type":"page","link":"https:\/\/www.tikkavisio.fi\/sv\/mer-djupgaende-information-om-tikkavisionen\/","title":{"rendered":"Mer djupg\u00e5ende information om Tikkavisionen"},"content":{"rendered":"\n<div style=\"background-image:url(&#039;https:\/\/www.tikkavisio.fi\/app\/uploads\/2025\/06\/ffd45f181fb00e75732467b6d6342e6fc4c14a84-scaled.jpg&#039;);background-position:50% 50%;background-size:cover;\" class=\"wp-block-group hero has-white-color has-text-color has-link-color wp-elements-8968fb231d0644f32bc980d2a0df6034 is-layout-constrained wp-block-group-is-layout-constrained has-background\">\n<h1 class=\"wp-block-heading has-text-align-center\">Mer djupg\u00e5ende information om Tikkavisionen<\/h1>\n\n\n\n<p class=\"has-text-align-center\">Under rubrikerna nedan kan du l\u00e4sa mer om bakgrunden till Tikkavisionen.<\/p>\n<\/div>\n\n\n\n<details class=\"wp-block-details is-layout-flow wp-block-details-is-layout-flow\"><summary>LSJH:s f\u00f6rslag till Sydv\u00e4stra Finlands avfallshanteringsn\u00e4mnd<\/summary>\n<p>LSJH:s f\u00f6rslag till Sydv\u00e4stra Finlands avfallshanteringsn\u00e4mnd att uppdatera avfallshanteringsbest\u00e4mmelserna f\u00f6r att minska m\u00e4ngden blandavfall. L\u00e4s f\u00f6rslaget som <a href=\"https:\/\/www.tikkavisio.fi\/app\/uploads\/2025\/08\/LSJHn-ehdotus-jatehuoltomaaraysten-paivittamiseksi-05-2025.pdf\">LSJH utarbetade och lade fram f\u00f6r avfallshanteringsn\u00e4mnden i maj 2025<\/a> (endast p\u00e5 finska). L\u00e4s \u00e4ven sammanfattningen som utarbetats f\u00f6r <a href=\"https:\/\/www.tikkavisio.fi\/app\/uploads\/2025\/07\/Ehdotus-jh-maaraysten-paivittamiseksi_ltk-kokous_uusi.pdf\">f\u00f6rslaget <\/a>(endast p\u00e5 finska).<\/p>\n\n\n\n<p><\/p>\n<\/details>\n\n\n\n<details class=\"wp-block-details is-layout-flow wp-block-details-is-layout-flow\"><summary>Finland \u00e4r redan ett f\u00f6red\u00f6me n\u00e4r det g\u00e4ller sortering \u2013 eller \u00e4r vi det?<\/summary>\n<p>Liksom hela Finland har Sydv\u00e4stra Finlands Avfallsservices verksamhetsomr\u00e5de hamnat l\u00e5ngt efter de \u00e5tervinningsm\u00e5l som fastst\u00e4llts f\u00f6r kommunalt avfall.<\/p>\n\n\n\n<p>M\u00e5len f\u00f6r \u00e5tervinning av kommunalt avfall i enlighet med EU:s och Finlands avfallsf\u00f6rordning<\/p>\n\n\n\n<ul class=\"wp-block-list\">\n<li>55 % \u00e5r 2025<\/li>\n\n\n\n<li>60 % \u00e5r 2030<\/li>\n\n\n\n<li>65 % \u00e5r 2035<\/li>\n<\/ul>\n\n\n\n<p>Siffran som beskriver \u00e5tervinningsgraden inkluderar kommunalt avfall fr\u00e5n boende och kommunala f\u00f6rvaltnings- och servicefunktioner samt offentliga och privata tj\u00e4nster. \u00c5r 2024 \u00e5tervanns 44,6 procent av det kommunala avfallet i Finland, vilket ocks\u00e5 motsvarar niv\u00e5n i Sydv\u00e4stra Finland. \u00c5tervinningsgraden har knappt f\u00f6r\u00e4ndrats alls under de senaste fem \u00e5ren<\/p>\n\n\n\n<p>Finland har f\u00e5tt anm\u00e4rkningar fr\u00e5n EU eftersom vi inte kommer att n\u00e5 de \u00e5tervinningsm\u00e5l som EU har satt upp. I v\u00e4rsta fall m\u00e5ste Finland betala b\u00f6ter. (L\u00e4s mer p\u00e5 Milj\u00f6ministeriets webbplats: <a href=\"https:\/\/ym.fi\/sv\/-\/eu-kommissionen-finland-maste-oka-atervinningen-av-kommunalt-avfall-och-minska-avfallsforbranningen\">EU-kommissionen: Finland m\u00e5ste \u00f6ka \u00e5tervinningen av kommunalt avfall och minska avfallsf\u00f6rbr\u00e4nningen \u2013 Milj\u00f6ministeriet<\/a>).<\/p>\n\n\n\n<p>I Mot en cirkul\u00e4r ekonomi \u2013 avfallshanteringsprogrammet f\u00f6r Sydv\u00e4stra Finland 2023\u20132028 som utarbetades 2023 och som str\u00e4cker sig till 2028, definieras som ett av de centrala m\u00e5len att halvera m\u00e4ngden \u00e5tervinningsbart avfallsmaterial som finns i blandavfallet och som kan samlas in separat. <a href=\"https:\/\/www.tikkavisio.fi\/app\/uploads\/2025\/06\/Sekajatteen-koostumustutkimus-2024.pdf\">LSJH:s senaste unders\u00f6kning fr\u00e5n 2024 av sammans\u00e4ttningen av hush\u00e5llens blandavfall<\/a> visade att hela 87 procent av vikten av en p\u00e5se med hush\u00e5llsavfall kunde \u00e5tervinnas.<\/p>\n\n\n\n<p>De flesta av inv\u00e5narna sorterar fr\u00e4mst sporadiskt. I de fastigheter som omfattas av LSJH:s transporter t\u00f6mmer 81 procent av inv\u00e5narna blandavfallsk\u00e4rlet varannan vecka eller var fj\u00e4rde vecka. Faktum \u00e4r dock att med noggrann sortering uppst\u00e5r det f\u00f6r de flesta extremt lite blandavfall. Tj\u00e4nsterna som baseras p\u00e5 frivillighet har inte gett resultat. D\u00e4rf\u00f6r kan uppn\u00e5endet av \u00e5tervinningsm\u00e5let inte baseras p\u00e5 frivillighet, utan kr\u00e4ver andra \u00e5tg\u00e4rder som \u00f6kar sorteringsaktiviteten.<\/p>\n\n\n\n<p><\/p>\n<\/details>\n\n\n\n<details class=\"wp-block-details is-layout-flow wp-block-details-is-layout-flow\"><summary><strong>Varf\u00f6r besluta om Tikkavisionen just nu?<\/strong><\/summary>\n<p>Att bygga en helhet som Tikkavisionen \u00e4r ett projekt som tar flera \u00e5r.<\/p>\n\n\n\n<p>\u00c5r 2026 b\u00f6rjar man ut\u00f6ka LSJH:s blandavfallstransporter inom Sydv\u00e4stra Finlands avfallshanteringsn\u00e4mnds verksamhetsomr\u00e5de till alla LSJH:s \u00e4garkommuner i enlighet med ett beslut av avfallshanteringsn\u00e4mnden.<\/p>\n\n\n\n<p>En helhetsplanering, d\u00e4r man samtidigt granskar alla avfallstyper som ska samlas in, \u00e4r avg\u00f6rande f\u00f6r en resurseffektiv insamling. Beslutet om Tikkatj\u00e4nsterna b\u00f6r fattas nu s\u00e5 att entreprenadplaneringen, konkurrensuts\u00e4ttningarna och optimeringen av rutter kan kopplas till f\u00f6r\u00e4ndringen av blandavfallstransporterna. Ur ett helhetsperspektiv skulle den b\u00e4sta tidsplanen f\u00f6r genomf\u00f6randet av Tikkavisionen vara 2026\u20132032.<\/p>\n\n\n\n<p><\/p>\n<\/details>\n\n\n\n<details class=\"wp-block-details is-layout-flow wp-block-details-is-layout-flow\"><summary><strong>S\u00e5 framskrider beslutsfattandet f\u00f6r Tikkavisionen<\/strong><\/summary>\n<p>F\u00f6r att kunna genomf\u00f6ra Tikkavisionen kr\u00e4vs en f\u00f6r\u00e4ndring i avfallshanteringsbest\u00e4mmelserna.<\/p>\n\n\n\n<p>Stegen f\u00f6r beslutsfattandet:<\/p>\n\n\n\n<ul class=\"wp-block-list\">\n<li>LSJH har lagt fram ett f\u00f6rslag om Tikkatj\u00e4nsterna och om att \u00e4ndra avfallshanteringsbest\u00e4mmelserna f\u00f6r avfallshanteringsn\u00e4mnden 6.5.2025.<\/li>\n\n\n\n<li>LSJH anordnar ett gemensamt samtalsevenemang om Tikkavisionen f\u00f6r del\u00e4garkommunerna och avfallshanteringsmyndigheten 2.9.2025<\/li>\n\n\n\n<li>Avfallshanteringsmyndigheten behandlar en eventuell \u00e4ndring av avfallshanteringsbest\u00e4mmelserna\n<ul class=\"wp-block-list\">\n<li>Allm\u00e4nt samr\u00e5d<\/li>\n\n\n\n<li>F\u00f6rslag till beslut om eventuella \u00e4ndringar av avfallshanteringsbest\u00e4mmelserna<\/li>\n\n\n\n<li>Fr\u00e5gan behandlas i avfallshanteringsn\u00e4mnden<\/li>\n<\/ul>\n<\/li>\n<\/ul>\n\n\n\n<p><\/p>\n<\/details>\n\n\n\n<details class=\"wp-block-details is-layout-flow wp-block-details-is-layout-flow\"><summary><strong>Presentationer fr\u00e5n seminariet &#8220;Tulevaisuuden j\u00e4tehuolto&#8221; 2.9.2025 (p\u00e5 finska)<\/strong><\/summary>\n<p><a href=\"https:\/\/www.tikkavisio.fi\/app\/uploads\/2025\/09\/Jaana-Turpeinen-Johdanto-ja-taustaa-Tikkavisiolle.pdf\">Jaana Turpeinen \u2013 Johdanto ja taustaa Tikkavisiolle<\/a><\/p>\n\n\n\n<p><a href=\"https:\/\/www.tikkavisio.fi\/app\/uploads\/2025\/09\/Sirje-Sten-Suomi-kierratyksen-mallimaa-vai-onko.pdf\">Sirje Sten \u2013 Suomi, kierr\u00e4tyksen mallimaa &#8211; vai onko?<\/a><\/p>\n\n\n\n<p><a href=\"https:\/\/www.tikkavisio.fi\/app\/uploads\/2025\/09\/Leena-Salmelainen-Jatehuoltolautakunnan-tyokalut-kierratyksen-edistamisessa.pdf\">Leena Salmelainen \u2013 J\u00e4tehuoltolautakunnan ty\u00f6kalut kierr\u00e4tyksen edist\u00e4misess\u00e4<\/a><\/p>\n\n\n\n<p><a href=\"https:\/\/www.tikkavisio.fi\/app\/uploads\/2025\/09\/Jaakko-Salminen-Nain-me-sen-teemme.pdf\">Jaakko Salminen \u2013 N\u00e4in me sen teemme!<\/a><\/p>\n<\/details>\n\n\n\n<details class=\"wp-block-details is-layout-flow wp-block-details-is-layout-flow\"><summary><strong>Mer att l\u00e4sa<\/strong><\/summary>\n<p>Mer bakgrundsinformation om Tikkavisionen finns \u00e4ven p\u00e5 andra st\u00e4llen p\u00e5 n\u00e4tet:<\/p>\n\n\n\n<p><a href=\"https:\/\/www.lsjatehuoltolautakunta.fi\/sites\/default\/files\/atoms\/files\/avfallshanteringsprogrammet_2023-2028.pdf\">Mot en cirkul\u00e4r ekonomi \u2013 avfallshanteringsprogrammet f\u00f6r Sydv\u00e4stra Finland 2023\u20132028<\/a><\/p>\n\n\n\n<p><a href=\"https:\/\/www.tikkavisio.fi\/app\/uploads\/2025\/08\/LSJH_Keraysjarjestelmaselvitys_tiivistelma_loppuraportista_12.11.2024.pdf\">Selvitys vaihtoehtoisten ker\u00e4ysj\u00e4rjestelmien soveltuvuudesta eri tyyppisille tarkastelualueille Lounais-Suomen J\u00e4tehuollon kunnissa (Etteplan 11\/2024 ja 3\/2025) (endast p\u00e5 finska)<\/a><\/p>\n\n\n\n<p><a href=\"https:\/\/www.tikkavisio.fi\/app\/uploads\/2025\/06\/Sekajatteen-koostumustutkimus-2024.pdf\">Sammans\u00e4ttning av hush\u00e5llens blandavfall i Sydv\u00e4stra Finland 2024 (endast p\u00e5 finska)<\/a><\/p>\n\n\n\n<p><a href=\"https:\/\/www.theseus.fi\/bitstream\/handle\/10024\/749536\/Opinn%E4ytety%F6_Letonsaari_Ilkka.pdf;jsessionid=8F460CE8E8D613ED927AEF56EFCFE448?sequence=2\">J\u00e4tehuollon logistiikan kehitt\u00e4minen \u2013 j\u00e4tteen ker\u00e4ilyn uudistaminen 1\u20139 huoneiston kiinteist\u00f6ill\u00e4 (Ilkka Letonsaari, Jyv\u00e4skyl\u00e4n AMK, logistiikan tutkinto-ohjelma, insin\u00f6\u00f6ri YAMK 2022) (endast p\u00e5 finska)<\/a><\/p>\n\n\n\n<p><a href=\"https:\/\/rosknroll.fi\/wp-content\/uploads\/2022\/11\/Optimoitu_monilokero_Tulosten_yhteenveto.pdf\">Yhteenvetoraportti Logistisesti optimoitu monilokeroker\u00e4ys -hankkeen tuloksista, Rosk\u2019n Roll 2022 (endast p\u00e5 finska)<\/a><\/p>\n\n\n\n<p><a href=\"https:\/\/ym.fi\/sv\/-\/eu-kommissionen-finland-maste-oka-atervinningen-av-kommunalt-avfall-och-minska-avfallsforbranningen\">EU-kommissionen: Finland m\u00e5ste \u00f6ka \u00e5tervinningen av kommunalt avfall och minska avfallsf\u00f6rbr\u00e4nningen, 2023<\/a><\/p>\n\n\n\n<p><a href=\"https:\/\/lsjh.fi\/sv\/mita-haluat-lajitella\/\">Se LSJH:s Avfallets ABC f\u00f6r att se vad som h\u00e4nder med avfallet efter insamlingen<\/a><\/p>\n\n\n\n<p><a href=\"https:\/\/rosknroll.fi\/sv\/forskning-och-utveckling\/\">Mer information om Rosk&#8217;n Rolls forskningsprojekt &#8220;Logistiskt optimerad flerfacksinsamling&#8221;<\/a><\/p>\n<\/details>\n","protected":false},"excerpt":{"rendered":"<p>Mer djupg\u00e5ende information om Tikkavisionen Under rubrikerna nedan kan du l\u00e4sa mer om bakgrunden till Tikkavisionen.<\/p>\n","protected":false},"author":1,"featured_media":356,"parent":0,"menu_order":0,"comment_status":"closed","ping_status":"closed","template":"","meta":{"_acf_changed":false,"footnotes":""},"class_list":["post-375","page","type-page","status-publish","has-post-thumbnail","hentry"],"acf":[],"yoast_head":"<!-- This site is optimized with the Yoast SEO plugin v25.3.1 - https:\/\/yoast.com\/wordpress\/plugins\/seo\/ -->\n<title>Mer djupg\u00e5ende information om Tikkavisionen - Tikkavisio<\/title>\n<meta name=\"robots\" content=\"index, follow, max-snippet:-1, max-image-preview:large, max-video-preview:-1\" \/>\n<link rel=\"canonical\" href=\"https:\/\/www.tikkavisio.fi\/sv\/mer-djupgaende-information-om-tikkavisionen\/\" \/>\n<meta property=\"og:locale\" content=\"sv_SE\" \/>\n<meta property=\"og:type\" content=\"article\" \/>\n<meta property=\"og:title\" content=\"Mer djupg\u00e5ende information om Tikkavisionen - Tikkavisio\" \/>\n<meta property=\"og:description\" content=\"Mer djupg\u00e5ende information om Tikkavisionen Under rubrikerna nedan kan du l\u00e4sa mer om bakgrunden till Tikkavisionen.\" \/>\n<meta property=\"og:url\" content=\"https:\/\/www.tikkavisio.fi\/sv\/mer-djupgaende-information-om-tikkavisionen\/\" \/>\n<meta property=\"og:site_name\" content=\"Tikkavisio\" \/>\n<meta property=\"article:modified_time\" content=\"2025-09-15T11:16:48+00:00\" \/>\n<meta property=\"og:image\" content=\"https:\/\/www.tikkavisio.fi\/app\/uploads\/2025\/06\/ffd45f181fb00e75732467b6d6342e6fc4c14a84-scaled.jpg\" \/>\n\t<meta property=\"og:image:width\" content=\"2560\" \/>\n\t<meta property=\"og:image:height\" content=\"1706\" \/>\n\t<meta property=\"og:image:type\" content=\"image\/jpeg\" \/>\n<meta name=\"twitter:card\" content=\"summary_large_image\" \/>\n<meta name=\"twitter:label1\" content=\"Est. reading time\" \/>\n\t<meta name=\"twitter:data1\" content=\"5 minutes\" \/>\n<script type=\"application\/ld+json\" class=\"yoast-schema-graph\">{\"@context\":\"https:\/\/schema.org\",\"@graph\":[{\"@type\":\"WebPage\",\"@id\":\"https:\/\/www.tikkavisio.fi\/sv\/mer-djupgaende-information-om-tikkavisionen\/\",\"url\":\"https:\/\/www.tikkavisio.fi\/sv\/mer-djupgaende-information-om-tikkavisionen\/\",\"name\":\"Mer djupg\u00e5ende information om Tikkavisionen - Tikkavisio\",\"isPartOf\":{\"@id\":\"https:\/\/www.tikkavisio.fi\/sv\/#website\"},\"primaryImageOfPage\":{\"@id\":\"https:\/\/www.tikkavisio.fi\/sv\/mer-djupgaende-information-om-tikkavisionen\/#primaryimage\"},\"image\":{\"@id\":\"https:\/\/www.tikkavisio.fi\/sv\/mer-djupgaende-information-om-tikkavisionen\/#primaryimage\"},\"thumbnailUrl\":\"https:\/\/www.tikkavisio.fi\/app\/uploads\/2025\/06\/ffd45f181fb00e75732467b6d6342e6fc4c14a84-scaled.jpg\",\"datePublished\":\"2025-06-26T08:43:57+00:00\",\"dateModified\":\"2025-09-15T11:16:48+00:00\",\"breadcrumb\":{\"@id\":\"https:\/\/www.tikkavisio.fi\/sv\/mer-djupgaende-information-om-tikkavisionen\/#breadcrumb\"},\"inLanguage\":\"sv-SE\",\"potentialAction\":[{\"@type\":\"ReadAction\",\"target\":[\"https:\/\/www.tikkavisio.fi\/sv\/mer-djupgaende-information-om-tikkavisionen\/\"]}]},{\"@type\":\"ImageObject\",\"inLanguage\":\"sv-SE\",\"@id\":\"https:\/\/www.tikkavisio.fi\/sv\/mer-djupgaende-information-om-tikkavisionen\/#primaryimage\",\"url\":\"https:\/\/www.tikkavisio.fi\/app\/uploads\/2025\/06\/ffd45f181fb00e75732467b6d6342e6fc4c14a84-scaled.jpg\",\"contentUrl\":\"https:\/\/www.tikkavisio.fi\/app\/uploads\/2025\/06\/ffd45f181fb00e75732467b6d6342e6fc4c14a84-scaled.jpg\",\"width\":2560,\"height\":1706},{\"@type\":\"BreadcrumbList\",\"@id\":\"https:\/\/www.tikkavisio.fi\/sv\/mer-djupgaende-information-om-tikkavisionen\/#breadcrumb\",\"itemListElement\":[{\"@type\":\"ListItem\",\"position\":1,\"name\":\"Home\",\"item\":\"https:\/\/www.tikkavisio.fi\/sv\/\"},{\"@type\":\"ListItem\",\"position\":2,\"name\":\"Mer djupg\u00e5ende information om Tikkavisionen\"}]},{\"@type\":\"WebSite\",\"@id\":\"https:\/\/www.tikkavisio.fi\/sv\/#website\",\"url\":\"https:\/\/www.tikkavisio.fi\/sv\/\",\"name\":\"Tikkavisio\",\"description\":\"\",\"potentialAction\":[{\"@type\":\"SearchAction\",\"target\":{\"@type\":\"EntryPoint\",\"urlTemplate\":\"https:\/\/www.tikkavisio.fi\/sv\/?s={search_term_string}\"},\"query-input\":{\"@type\":\"PropertyValueSpecification\",\"valueRequired\":true,\"valueName\":\"search_term_string\"}}],\"inLanguage\":\"sv-SE\"}]}<\/script>\n<!-- \/ Yoast SEO plugin. -->","yoast_head_json":{"title":"Mer djupg\u00e5ende information om Tikkavisionen - Tikkavisio","robots":{"index":"index","follow":"follow","max-snippet":"max-snippet:-1","max-image-preview":"max-image-preview:large","max-video-preview":"max-video-preview:-1"},"canonical":"https:\/\/www.tikkavisio.fi\/sv\/mer-djupgaende-information-om-tikkavisionen\/","og_locale":"sv_SE","og_type":"article","og_title":"Mer djupg\u00e5ende information om Tikkavisionen - Tikkavisio","og_description":"Mer djupg\u00e5ende information om Tikkavisionen Under rubrikerna nedan kan du l\u00e4sa mer om bakgrunden till Tikkavisionen.","og_url":"https:\/\/www.tikkavisio.fi\/sv\/mer-djupgaende-information-om-tikkavisionen\/","og_site_name":"Tikkavisio","article_modified_time":"2025-09-15T11:16:48+00:00","og_image":[{"width":2560,"height":1706,"url":"https:\/\/www.tikkavisio.fi\/app\/uploads\/2025\/06\/ffd45f181fb00e75732467b6d6342e6fc4c14a84-scaled.jpg","type":"image\/jpeg"}],"twitter_card":"summary_large_image","twitter_misc":{"Est. reading time":"5 minutes"},"schema":{"@context":"https:\/\/schema.org","@graph":[{"@type":"WebPage","@id":"https:\/\/www.tikkavisio.fi\/sv\/mer-djupgaende-information-om-tikkavisionen\/","url":"https:\/\/www.tikkavisio.fi\/sv\/mer-djupgaende-information-om-tikkavisionen\/","name":"Mer djupg\u00e5ende information om Tikkavisionen - Tikkavisio","isPartOf":{"@id":"https:\/\/www.tikkavisio.fi\/sv\/#website"},"primaryImageOfPage":{"@id":"https:\/\/www.tikkavisio.fi\/sv\/mer-djupgaende-information-om-tikkavisionen\/#primaryimage"},"image":{"@id":"https:\/\/www.tikkavisio.fi\/sv\/mer-djupgaende-information-om-tikkavisionen\/#primaryimage"},"thumbnailUrl":"https:\/\/www.tikkavisio.fi\/app\/uploads\/2025\/06\/ffd45f181fb00e75732467b6d6342e6fc4c14a84-scaled.jpg","datePublished":"2025-06-26T08:43:57+00:00","dateModified":"2025-09-15T11:16:48+00:00","breadcrumb":{"@id":"https:\/\/www.tikkavisio.fi\/sv\/mer-djupgaende-information-om-tikkavisionen\/#breadcrumb"},"inLanguage":"sv-SE","potentialAction":[{"@type":"ReadAction","target":["https:\/\/www.tikkavisio.fi\/sv\/mer-djupgaende-information-om-tikkavisionen\/"]}]},{"@type":"ImageObject","inLanguage":"sv-SE","@id":"https:\/\/www.tikkavisio.fi\/sv\/mer-djupgaende-information-om-tikkavisionen\/#primaryimage","url":"https:\/\/www.tikkavisio.fi\/app\/uploads\/2025\/06\/ffd45f181fb00e75732467b6d6342e6fc4c14a84-scaled.jpg","contentUrl":"https:\/\/www.tikkavisio.fi\/app\/uploads\/2025\/06\/ffd45f181fb00e75732467b6d6342e6fc4c14a84-scaled.jpg","width":2560,"height":1706},{"@type":"BreadcrumbList","@id":"https:\/\/www.tikkavisio.fi\/sv\/mer-djupgaende-information-om-tikkavisionen\/#breadcrumb","itemListElement":[{"@type":"ListItem","position":1,"name":"Home","item":"https:\/\/www.tikkavisio.fi\/sv\/"},{"@type":"ListItem","position":2,"name":"Mer djupg\u00e5ende information om Tikkavisionen"}]},{"@type":"WebSite","@id":"https:\/\/www.tikkavisio.fi\/sv\/#website","url":"https:\/\/www.tikkavisio.fi\/sv\/","name":"Tikkavisio","description":"","potentialAction":[{"@type":"SearchAction","target":{"@type":"EntryPoint","urlTemplate":"https:\/\/www.tikkavisio.fi\/sv\/?s={search_term_string}"},"query-input":{"@type":"PropertyValueSpecification","valueRequired":true,"valueName":"search_term_string"}}],"inLanguage":"sv-SE"}]}},"_links":{"self":[{"href":"https:\/\/www.tikkavisio.fi\/sv\/wp-json\/wp\/v2\/pages\/375","targetHints":{"allow":["GET"]}}],"collection":[{"href":"https:\/\/www.tikkavisio.fi\/sv\/wp-json\/wp\/v2\/pages"}],"about":[{"href":"https:\/\/www.tikkavisio.fi\/sv\/wp-json\/wp\/v2\/types\/page"}],"author":[{"embeddable":true,"href":"https:\/\/www.tikkavisio.fi\/sv\/wp-json\/wp\/v2\/users\/1"}],"replies":[{"embeddable":true,"href":"https:\/\/www.tikkavisio.fi\/sv\/wp-json\/wp\/v2\/comments?post=375"}],"version-history":[{"count":17,"href":"https:\/\/www.tikkavisio.fi\/sv\/wp-json\/wp\/v2\/pages\/375\/revisions"}],"predecessor-version":[{"id":539,"href":"https:\/\/www.tikkavisio.fi\/sv\/wp-json\/wp\/v2\/pages\/375\/revisions\/539"}],"wp:featuredmedia":[{"embeddable":true,"href":"https:\/\/www.tikkavisio.fi\/sv\/wp-json\/wp\/v2\/media\/356"}],"wp:attachment":[{"href":"https:\/\/www.tikkavisio.fi\/sv\/wp-json\/wp\/v2\/media?parent=375"}],"curies":[{"name":"wp","href":"https:\/\/api.w.org\/{rel}","templated":true}]}}